{"id":558,"date":"2018-12-10T15:25:50","date_gmt":"2018-12-10T14:25:50","guid":{"rendered":"http:\/\/alerte-etriche.fr\/?page_id=558"},"modified":"2025-09-25T21:50:01","modified_gmt":"2025-09-25T19:50:01","slug":"zumba","status":"publish","type":"page","link":"https:\/\/www.alerte-etriche.fr\/index.php\/zumba\/","title":{"rendered":"Jaydance \/ Danse"},"content":{"rendered":"<p>[et_pb_section fb_built=\u00a0\u00bb1&Prime; _builder_version=\u00a0\u00bb4.16&Prime; global_colors_info=\u00a0\u00bb{}\u00a0\u00bb][et_pb_row column_structure=\u00a0\u00bb1_2,1_2&Prime; _builder_version=\u00a0\u00bb4.16&Prime; width=\u00a0\u00bb92.8%\u00a0\u00bb custom_padding=\u00a0\u00bb|74px||||\u00a0\u00bb global_colors_info=\u00a0\u00bb{}\u00a0\u00bb][et_pb_column type=\u00a0\u00bb1_2&Prime; _builder_version=\u00a0\u00bb4.16&Prime; custom_padding=\u00a0\u00bb|||\u00a0\u00bb global_colors_info=\u00a0\u00bb{}\u00a0\u00bb custom_padding__hover=\u00a0\u00bb|||\u00a0\u00bb][et_pb_text _builder_version=\u00a0\u00bb4.16&Prime; inline_fonts=\u00a0\u00bbAlegreya\u00a0\u00bb global_colors_info=\u00a0\u00bb{}\u00a0\u00bb]<\/p>\n<h1 style=\"text-align: center;\"><span style=\"color: #ff0000; font-family: Alegreya; font-weight: normal;\"><strong>Danse 6-10 ans :\u00a0<\/strong><\/span><\/h1>\n<p><span style=\"color: #ff0000; font-family: Alegreya; font-weight: normal;\"><strong><\/strong><\/span><\/p>\n<h3 style=\"text-align: center;\"><span style=\"font-family: Alegreya; font-weight: normal;\">Modern-Jazz anim\u00e9 par Ana\u00efs GARREAU<br \/><\/span><\/h3>\n<h3 style=\"text-align: center;\"><span style=\"font-family: Alegreya; font-weight: normal;\">Le<strong> mercredi<\/strong> de <strong>17h15 \u00e0 18h15<\/strong> <br \/><\/span><\/h3>\n<h3 style=\"text-align: center;\"><span style=\"font-family: Alegreya; font-weight: normal;\">\u00e0 la Salle de l&rsquo;Alerte Etrich\u00e9<\/span><\/h3>\n<p>[\/et_pb_text][et_pb_image src=\u00a0\u00bbhttp:\/\/alerte-etriche.fr\/wp-content\/uploads\/2019\/02\/42124239_290826524866786_6314439516757164032_n.jpg\u00a0\u00bb align_tablet=\u00a0\u00bbcenter\u00a0\u00bb align_phone=\u00a0\u00bb\u00a0\u00bb align_last_edited=\u00a0\u00bbon|desktop\u00a0\u00bb _builder_version=\u00a0\u00bb4.16&Prime; border_radii=\u00a0\u00bbon|22px|22px|22px|22px\u00a0\u00bb border_color_all=\u00a0\u00bb#e02b20&Prime; box_shadow_style=\u00a0\u00bbpreset2&Prime; box_shadow_horizontal=\u00a0\u00bb5px\u00a0\u00bb box_shadow_vertical=\u00a0\u00bb9px\u00a0\u00bb global_colors_info=\u00a0\u00bb{}\u00a0\u00bb][\/et_pb_image][\/et_pb_column][et_pb_column type=\u00a0\u00bb1_2&Prime; _builder_version=\u00a0\u00bb4.16&Prime; custom_padding=\u00a0\u00bb|||\u00a0\u00bb global_colors_info=\u00a0\u00bb{}\u00a0\u00bb custom_padding__hover=\u00a0\u00bb|||\u00a0\u00bb][et_pb_image src=\u00a0\u00bbhttps:\/\/www.alerte-etriche.fr\/wp-content\/uploads\/2023\/09\/JayDanceNEONLogo2022.png\u00a0\u00bb title_text=\u00a0\u00bbJayDanceNEONLogo2022&Prime; force_fullwidth=\u00a0\u00bbon\u00a0\u00bb _builder_version=\u00a0\u00bb4.22.1&Prime; _module_preset=\u00a0\u00bbdefault\u00a0\u00bb height=\u00a0\u00bb222px\u00a0\u00bb global_colors_info=\u00a0\u00bb{}\u00a0\u00bb][\/et_pb_image][et_pb_text _builder_version=\u00a0\u00bb4.22.1&Prime; _module_preset=\u00a0\u00bbdefault\u00a0\u00bb global_colors_info=\u00a0\u00bb{}\u00a0\u00bb]<\/p>\n<h1 style=\"text-align: center;\"><span style=\"color: #ff0000; font-family: Alegreya;\"><strong>Jaydance ado-adultes :\u00a0<\/strong><\/span><\/h1>\n<h3 style=\"text-align: center;\"><span style=\"font-family: Alegreya; font-weight: normal;\">A partir de 15 ans<\/span><span style=\"font-family: Alegreya; font-weight: normal;\"><\/span><\/h3>\n<h3 style=\"text-align: center;\"><span style=\"font-family: Alegreya; font-weight: normal;\">Anim\u00e9 par Ana\u00efs GARREAU<\/span><\/h3>\n<h3 style=\"text-align: center;\"><span style=\"font-family: Alegreya; font-weight: normal;\">Cours le<strong> mercredi<\/strong> de <strong>18<\/strong><b>h30 \u00e0 19h45<\/b><\/span><\/h3>\n<h3 style=\"text-align: center;\"><span style=\"font-family: Alegreya; font-weight: normal;\"> \u00e0 la Salle de l&rsquo;Alerte Etrich\u00e9<\/span><\/h3>\n<p>[\/et_pb_text][et_pb_text _builder_version=\u00a0\u00bb4.22.1&Prime; _module_preset=\u00a0\u00bbdefault\u00a0\u00bb global_colors_info=\u00a0\u00bb{}\u00a0\u00bb]<\/p>\n<p>Pour plus d&rsquo;info, leur site internet <a href=\"https:\/\/jaydance-fitness.com\/\">https:\/\/jaydance-fitness.com\/<\/a><\/p>\n<p>leur chaine Youtube <a href=\"https:\/\/www.youtube.com\/@JayDanceFitnessofficial\">https:\/\/www.youtube.com\/@JayDanceFitnessofficial<\/a><\/p>\n<p>[\/et_pb_text][et_pb_sidebar _builder_version=\u00a0\u00bb4.22.1&Prime; _module_preset=\u00a0\u00bbdefault\u00a0\u00bb custom_margin=\u00a0\u00bb34px|||||\u00a0\u00bb global_colors_info=\u00a0\u00bb{}\u00a0\u00bb][\/et_pb_sidebar][et_pb_image src=\u00a0\u00bbhttps:\/\/www.alerte-etriche.fr\/wp-content\/uploads\/2023\/10\/20230920_185646-scaled.jpg\u00a0\u00bb title_text=\u00a0\u00bb20230920_185646&Prime; _builder_version=\u00a0\u00bb4.22.2&Prime; _module_preset=\u00a0\u00bbdefault\u00a0\u00bb global_colors_info=\u00a0\u00bb{}\u00a0\u00bb][\/et_pb_image][\/et_pb_column][\/et_pb_row][et_pb_row column_structure=\u00a0\u00bb1_3,1_3,1_3&Prime; _builder_version=\u00a0\u00bb4.16&Prime; global_colors_info=\u00a0\u00bb{}\u00a0\u00bb][et_pb_column type=\u00a0\u00bb1_3&Prime; _builder_version=\u00a0\u00bb4.16&Prime; custom_padding=\u00a0\u00bb|||\u00a0\u00bb global_colors_info=\u00a0\u00bb{}\u00a0\u00bb custom_padding__hover=\u00a0\u00bb|||\u00a0\u00bb][\/et_pb_column][et_pb_column type=\u00a0\u00bb1_3&Prime; _builder_version=\u00a0\u00bb4.16&Prime; custom_padding=\u00a0\u00bb|||\u00a0\u00bb global_colors_info=\u00a0\u00bb{}\u00a0\u00bb custom_padding__hover=\u00a0\u00bb|||\u00a0\u00bb][et_pb_text _builder_version=\u00a0\u00bb4.25.2&Prime; width=\u00a0\u00bb111%\u00a0\u00bb custom_padding=\u00a0\u00bb|0px|1px|||\u00a0\u00bb global_colors_info=\u00a0\u00bb{}\u00a0\u00bb]<\/p>\n<h2 style=\"background-attachment: scroll; background-clip: border-box; background-color: transparent; background-image: none; background-origin: padding-box; background-position-x: 0px; background-position-y: 0px; background-repeat: repeat; background-size: auto; border-image-outset: 0; border-image-repeat: stretch; border-image-slice: 100%; border-image-source: none; border-image-width: 1; box-sizing: border-box; color: #333333; font-family: &amp;quot; open sans&amp;quot;,arial,sans-serif; font-size: 23px; font-style: normal; font-variant: normal; font-weight: 500; letter-spacing: normal; line-height: 23px; -ms-text-size-adjust: auto; orphans: 2; outline-color: invert; outline-style: none; outline-width: 0px; text-align: center; text-decoration: none; text-indent: 0px; text-transform: none; vertical-align: baseline; -webkit-text-stroke-width: 0px; white-space: normal; word-spacing: 0px; padding: 0px 0px 10px 0px; margin: 0px; border: 0px none #333333;\"><span style=\"background-attachment: scroll; background-clip: border-box; background-color: transparent; background-image: none; background-origin: padding-box; background-position-x: 0px; background-position-y: 0px; background-repeat: repeat; background-size: auto; border-image-outset: 0; border-image-repeat: stretch; border-image-slice: 100%; border-image-source: none; border-image-width: 1; box-sizing: border-box; font-size: 23px; -ms-text-size-adjust: auto; outline-color: invert; outline-style: none; outline-width: 0px; text-decoration: underline; vertical-align: baseline; padding: 0px; margin: 0px; border: 0px none #333333;\"><strong style=\"background-attachment: scroll; background-clip: border-box; background-color: transparent; background-image: none; background-origin: padding-box; background-position-x: 0px; background-position-y: 0px; background-repeat: repeat; background-size: auto; border-image-outset: 0; border-image-repeat: stretch; border-image-slice: 100%; border-image-source: none; border-image-width: 1; box-sizing: border-box; font-size: 23px; font-weight: bold; -ms-text-size-adjust: auto; outline-color: invert; outline-style: none; outline-width: 0px; vertical-align: baseline; padding: 0px; margin: 0px; border: 0px none #333333;\"><\/strong><\/span><\/h2>\n<h2 style=\"background-attachment: scroll; background-clip: border-box; background-color: transparent; background-image: none; background-origin: padding-box; background-position-x: 0px; background-position-y: 0px; background-repeat: repeat; background-size: auto; border-image-outset: 0; border-image-repeat: stretch; border-image-slice: 100%; border-image-source: none; border-image-width: 1; box-sizing: border-box; color: #333333; font-family: &amp;quot; open sans&amp;quot;,arial,sans-serif; font-size: 23px; font-style: normal; font-variant: normal; font-weight: 500; letter-spacing: normal; line-height: 23px; -ms-text-size-adjust: auto; orphans: 2; outline-color: invert; outline-style: none; outline-width: 0px; text-align: center; text-decoration: none; text-indent: 0px; text-transform: none; vertical-align: baseline; -webkit-text-stroke-width: 0px; white-space: normal; word-spacing: 0px; padding: 0px 0px 10px 0px; margin: 0px; border: 0px none #333333;\"><span style=\"background-attachment: scroll; background-clip: border-box; background-color: transparent; background-image: none; background-origin: padding-box; background-position-x: 0px; background-position-y: 0px; background-repeat: repeat; background-size: auto; border-image-outset: 0; border-image-repeat: stretch; border-image-slice: 100%; border-image-source: none; border-image-width: 1; box-sizing: border-box; font-size: 23px; -ms-text-size-adjust: auto; outline-color: invert; outline-style: none; outline-width: 0px; text-decoration: underline; vertical-align: baseline; padding: 0px; margin: 0px; border: 0px none #333333;\"><strong style=\"background-attachment: scroll; background-clip: border-box; background-color: transparent; background-image: none; background-origin: padding-box; background-position-x: 0px; background-position-y: 0px; background-repeat: repeat; background-size: auto; border-image-outset: 0; border-image-repeat: stretch; border-image-slice: 100%; border-image-source: none; border-image-width: 1; box-sizing: border-box; font-size: 23px; font-weight: bold; -ms-text-size-adjust: auto; outline-color: invert; outline-style: none; outline-width: 0px; vertical-align: baseline; padding: 0px; margin: 0px; border: 0px none #333333;\"><\/strong><\/span><\/h2>\n<h2 style=\"background-attachment: scroll; background-clip: border-box; background-color: transparent; background-image: none; background-origin: padding-box; background-position-x: 0px; background-position-y: 0px; background-repeat: repeat; background-size: auto; border-image-outset: 0; border-image-repeat: stretch; border-image-slice: 100%; border-image-source: none; border-image-width: 1; box-sizing: border-box; color: #333333; font-family: &amp;quot; open sans&amp;quot;,arial,sans-serif; font-size: 23px; font-style: normal; font-variant: normal; font-weight: 500; letter-spacing: normal; line-height: 23px; -ms-text-size-adjust: auto; orphans: 2; outline-color: invert; outline-style: none; outline-width: 0px; text-align: center; text-decoration: none; text-indent: 0px; text-transform: none; vertical-align: baseline; -webkit-text-stroke-width: 0px; white-space: normal; word-spacing: 0px; padding: 0px 0px 10px 0px; margin: 0px; border: 0px none #333333;\"><span style=\"background-attachment: scroll; background-clip: border-box; background-color: transparent; background-image: none; background-origin: padding-box; background-position-x: 0px; background-position-y: 0px; background-repeat: repeat; background-size: auto; border-image-outset: 0; border-image-repeat: stretch; border-image-slice: 100%; border-image-source: none; border-image-width: 1; box-sizing: border-box; font-size: 23px; -ms-text-size-adjust: auto; outline-color: invert; outline-style: none; outline-width: 0px; text-decoration: underline; vertical-align: baseline; padding: 0px; margin: 0px; border: 0px none #333333;\"><strong style=\"background-attachment: scroll; background-clip: border-box; background-color: transparent; background-image: none; background-origin: padding-box; background-position-x: 0px; background-position-y: 0px; background-repeat: repeat; background-size: auto; border-image-outset: 0; border-image-repeat: stretch; border-image-slice: 100%; border-image-source: none; border-image-width: 1; box-sizing: border-box; font-size: 23px; font-weight: bold; -ms-text-size-adjust: auto; outline-color: invert; outline-style: none; outline-width: 0px; vertical-align: baseline; padding: 0px; margin: 0px; border: 0px none #333333;\"><\/strong><\/span><\/h2>\n<h2 style=\"background-attachment: scroll; background-clip: border-box; background-color: transparent; background-image: none; background-origin: padding-box; background-position-x: 0px; background-position-y: 0px; background-repeat: repeat; background-size: auto; border-image-outset: 0; border-image-repeat: stretch; border-image-slice: 100%; border-image-source: none; border-image-width: 1; box-sizing: border-box; color: #333333; font-family: &amp;quot; open sans&amp;quot;,arial,sans-serif; font-size: 23px; font-style: normal; font-variant: normal; font-weight: 500; letter-spacing: normal; line-height: 23px; -ms-text-size-adjust: auto; orphans: 2; outline-color: invert; outline-style: none; outline-width: 0px; text-align: center; text-decoration: none; text-indent: 0px; text-transform: none; vertical-align: baseline; -webkit-text-stroke-width: 0px; white-space: normal; word-spacing: 0px; padding: 0px 0px 10px 0px; margin: 0px; border: 0px none #333333;\"><span style=\"background-attachment: scroll; background-clip: border-box; background-color: transparent; background-image: none; background-origin: padding-box; background-position-x: 0px; background-position-y: 0px; background-repeat: repeat; background-size: auto; border-image-outset: 0; border-image-repeat: stretch; border-image-slice: 100%; border-image-source: none; border-image-width: 1; box-sizing: border-box; font-size: 23px; -ms-text-size-adjust: auto; outline-color: invert; outline-style: none; outline-width: 0px; text-decoration: underline; vertical-align: baseline; padding: 0px; margin: 0px; border: 0px none #333333;\"><strong style=\"background-attachment: scroll; background-clip: border-box; background-color: transparent; background-image: none; background-origin: padding-box; background-position-x: 0px; background-position-y: 0px; background-repeat: repeat; background-size: auto; border-image-outset: 0; border-image-repeat: stretch; border-image-slice: 100%; border-image-source: none; border-image-width: 1; box-sizing: border-box; font-size: 23px; font-weight: bold; -ms-text-size-adjust: auto; outline-color: invert; outline-style: none; outline-width: 0px; vertical-align: baseline; padding: 0px; margin: 0px; border: 0px none #333333;\">Contact danse &#8211; Jaydance :<\/strong><\/span><\/h2>\n<p style=\"background-attachment: scroll; background-clip: border-box; background-color: transparent; background-image: none; background-origin: padding-box; background-position-x: 0px; background-position-y: 0px; background-repeat: repeat; background-size: auto; border-image-outset: 0; border-image-repeat: stretch; border-image-slice: 100%; border-image-source: none; border-image-width: 1; box-sizing: border-box; color: #666666; font-family: &amp;quot; open sans&amp;quot;,arial,sans-serif; font-size: 14px; font-style: normal; font-variant: normal; font-weight: 500; letter-spacing: normal; -ms-text-size-adjust: auto; orphans: 2; outline-color: invert; outline-style: none; outline-width: 0px; text-align: left; text-decoration: none; text-indent: 0px; text-transform: none; vertical-align: baseline; -webkit-text-stroke-width: 0px; white-space: normal; word-spacing: 0px; padding: 0px 0px 14px 0px; margin: 0px; border: 0px none #666666;\"><span style=\"background-attachment: scroll; background-clip: border-box; background-color: transparent; background-image: none; background-origin: padding-box; background-position-x: 0px; background-position-y: 0px; background-repeat: repeat; background-size: auto; border-image-outset: 0; border-image-repeat: stretch; border-image-slice: 100%; border-image-source: none; border-image-width: 1; box-sizing: border-box; font-size: 14px; -ms-text-size-adjust: auto; outline-color: invert; outline-style: none; outline-width: 0px; text-decoration: underline; vertical-align: baseline; padding: 0px; margin: 0px; border: 0px none #666666;\"><strong style=\"background-attachment: scroll; background-clip: border-box; background-color: transparent; background-image: none; background-origin: padding-box; background-position-x: 0px; background-position-y: 0px; background-repeat: repeat; background-size: auto; border-image-outset: 0; border-image-repeat: stretch; border-image-slice: 100%; border-image-source: none; border-image-width: 1; box-sizing: border-box; font-size: 14px; font-weight: bold; -ms-text-size-adjust: auto; outline-color: invert; outline-style: none; outline-width: 0px; vertical-align: baseline; padding: 0px; margin: 0px; border: 0px none #666666;\"><\/strong><\/span><\/p>\n<h3 style=\"background-attachment: scroll; background-clip: border-box; background-color: transparent; background-image: none; background-origin: padding-box; background-position-x: 0px; background-position-y: 0px; background-repeat: repeat; background-size: auto; border-image-outset: 0; border-image-repeat: stretch; border-image-slice: 100%; border-image-source: none; border-image-width: 1; box-sizing: border-box; color: #333333; font-family: &amp;quot; open sans&amp;quot;,arial,sans-serif; font-size: 20px; font-style: normal; font-variant: normal; font-weight: 500; letter-spacing: normal; line-height: 20px; -ms-text-size-adjust: auto; orphans: 2; outline-color: invert; outline-style: none; outline-width: 0px; text-align: center; text-decoration: none; text-indent: 0px; text-transform: none; vertical-align: baseline; -webkit-text-stroke-width: 0px; white-space: normal; word-spacing: 0px; padding: 0px 0px 10px 0px; margin: 0px; border: 0px none #333333;\"><strong style=\"background-attachment: scroll; background-clip: border-box; background-color: transparent; background-image: none; background-origin: padding-box; background-position-x: 0px; background-position-y: 0px; background-repeat: repeat; background-size: auto; border-image-outset: 0; border-image-repeat: stretch; border-image-slice: 100%; border-image-source: none; border-image-width: 1; box-sizing: border-box; font-size: 20px; font-weight: bold; -ms-text-size-adjust: auto; outline-color: invert; outline-style: none; outline-width: 0px; vertical-align: baseline; padding: 0px; margin: 0px; border: 0px none #333333;\">Nathalie LAPEYRONIE<br \/><\/strong><\/h3>\n<p style=\"background-attachment: scroll; background-clip: border-box; background-color: transparent; background-image: none; background-origin: padding-box; background-position-x: 0px; background-position-y: 0px; background-repeat: repeat; background-size: auto; border-image-outset: 0; border-image-repeat: stretch; border-image-slice: 100%; border-image-source: none; border-image-width: 1; box-sizing: border-box; color: #666666; font-family: &amp;quot; open sans&amp;quot;,arial,sans-serif; font-size: 14px; font-style: normal; font-variant: normal; font-weight: 500; letter-spacing: normal; -ms-text-size-adjust: auto; orphans: 2; outline-color: invert; outline-style: none; outline-width: 0px; text-align: left; text-decoration: none; text-indent: 0px; text-transform: none; vertical-align: baseline; -webkit-text-stroke-width: 0px; white-space: normal; word-spacing: 0px; padding: 0px; margin: 0px; border: 0px none #666666;\"><strong style=\"background-attachment: scroll; background-clip: border-box; background-color: transparent; background-image: none; background-origin: padding-box; background-position-x: 0px; background-position-y: 0px; background-repeat: repeat; background-size: auto; border-image-outset: 0; border-image-repeat: stretch; border-image-slice: 100%; border-image-source: none; border-image-width: 1; box-sizing: border-box; font-size: 14px; font-weight: bold; -ms-text-size-adjust: auto; outline-color: invert; outline-style: none; outline-width: 0px; vertical-align: baseline; padding: 0px; margin: 0px; border: 0px none #666666;\"><\/strong><\/p>\n<h2 style=\"text-align: center;\"><span style=\"font-size: large;\"><a href=\"mailto:zumba-jeunes@alerte-etriche.fr\">\u00a0<span class=\"gI\"><span email=\"danse.jaydance.alerte.etriche@gmail.com\" data-hovercard-id=\"danse.jaydance.alerte.etriche@gmail.com\" data-hovercard-owner-id=\"30\">danse.jaydance.alerte.etriche@gmail.com<\/span><\/span><\/a><\/span><span style=\"font-size: large;\"><\/span><span style=\"font-size: large;\"><\/span><\/h2>\n<p><span style=\"font-size: large;\"><\/span><\/p>\n<p style=\"text-align: center;\"><span style=\"font-size: large;\">0663030313<\/span><\/p>\n<p>[\/et_pb_text][\/et_pb_column][et_pb_column type=\u00a0\u00bb1_3&Prime; _builder_version=\u00a0\u00bb4.16&Prime; custom_padding=\u00a0\u00bb|||\u00a0\u00bb global_colors_info=\u00a0\u00bb{}\u00a0\u00bb custom_padding__hover=\u00a0\u00bb|||\u00a0\u00bb][\/et_pb_column][\/et_pb_row][\/et_pb_section]<\/p>\n","protected":false},"excerpt":{"rendered":"<p>Danse 6-10 ans :\u00a0 Modern-Jazz anim\u00e9 par Ana\u00efs GARREAU Le mercredi de 17h15 \u00e0 18h15 \u00e0 la Salle de l&rsquo;Alerte Etrich\u00e9Jaydance ado-adultes :\u00a0 A partir de 15 ans Anim\u00e9 par Ana\u00efs GARREAU Cours le mercredi de 18h30 \u00e0 19h45 \u00e0 la Salle de l&rsquo;Alerte Etrich\u00e9Pour plus d&rsquo;info, leur site internet https:\/\/jaydance-fitness.com\/ leur chaine Youtube https:\/\/www.youtube.com\/@JayDanceFitnessofficial [&hellip;]<\/p>\n","protected":false},"author":1,"featured_media":0,"parent":0,"menu_order":0,"comment_status":"closed","ping_status":"closed","template":"","meta":{"_et_pb_use_builder":"on","_et_pb_old_content":"","_et_gb_content_width":"","footnotes":""},"class_list":["post-558","page","type-page","status-publish","hentry"],"_links":{"self":[{"href":"https:\/\/www.alerte-etriche.fr\/index.php\/wp-json\/wp\/v2\/pages\/558","targetHints":{"allow":["GET"]}}],"collection":[{"href":"https:\/\/www.alerte-etriche.fr\/index.php\/wp-json\/wp\/v2\/pages"}],"about":[{"href":"https:\/\/www.alerte-etriche.fr\/index.php\/wp-json\/wp\/v2\/types\/page"}],"author":[{"embeddable":true,"href":"https:\/\/www.alerte-etriche.fr\/index.php\/wp-json\/wp\/v2\/users\/1"}],"replies":[{"embeddable":true,"href":"https:\/\/www.alerte-etriche.fr\/index.php\/wp-json\/wp\/v2\/comments?post=558"}],"version-history":[{"count":22,"href":"https:\/\/www.alerte-etriche.fr\/index.php\/wp-json\/wp\/v2\/pages\/558\/revisions"}],"predecessor-version":[{"id":2571,"href":"https:\/\/www.alerte-etriche.fr\/index.php\/wp-json\/wp\/v2\/pages\/558\/revisions\/2571"}],"wp:attachment":[{"href":"https:\/\/www.alerte-etriche.fr\/index.php\/wp-json\/wp\/v2\/media?parent=558"}],"curies":[{"name":"wp","href":"https:\/\/api.w.org\/{rel}","templated":true}]}}