{"id":560,"date":"2018-12-10T15:25:26","date_gmt":"2018-12-10T14:25:26","guid":{"rendered":"http:\/\/alerte-etriche.fr\/?page_id=560"},"modified":"2025-07-08T21:08:24","modified_gmt":"2025-07-08T19:08:24","slug":"multisports","status":"publish","type":"page","link":"https:\/\/www.alerte-etriche.fr\/index.php\/multisports\/","title":{"rendered":"Multisports"},"content":{"rendered":"<p>[et_pb_section fb_built=\u00a0\u00bb1&Prime; _builder_version=\u00a0\u00bb4.16&Prime; global_colors_info=\u00a0\u00bb{}\u00a0\u00bb][et_pb_row _builder_version=\u00a0\u00bb4.16&Prime; global_colors_info=\u00a0\u00bb{}\u00a0\u00bb][et_pb_column type=\u00a0\u00bb4_4&Prime; _builder_version=\u00a0\u00bb4.16&Prime; custom_padding=\u00a0\u00bb|||\u00a0\u00bb global_colors_info=\u00a0\u00bb{}\u00a0\u00bb custom_padding__hover=\u00a0\u00bb|||\u00a0\u00bb][et_pb_image src=\u00a0\u00bbhttp:\/\/alerte-etriche.fr\/wp-content\/uploads\/2019\/02\/multisports-3.jpg\u00a0\u00bb align=\u00a0\u00bbcenter\u00a0\u00bb align_tablet=\u00a0\u00bbcenter\u00a0\u00bb align_phone=\u00a0\u00bb\u00a0\u00bb align_last_edited=\u00a0\u00bbon|desktop\u00a0\u00bb _builder_version=\u00a0\u00bb4.16&Prime; width=\u00a0\u00bb50%\u00a0\u00bb max_width=\u00a0\u00bb43%\u00a0\u00bb filter_hue_rotate=\u00a0\u00bb359deg\u00a0\u00bb filter_saturate=\u00a0\u00bb38%\u00a0\u00bb filter_brightness=\u00a0\u00bb111%\u00a0\u00bb filter_contrast=\u00a0\u00bb133%\u00a0\u00bb filter_sepia=\u00a0\u00bb48%\u00a0\u00bb border_radii=\u00a0\u00bbon|27px|27px|27px|27px\u00a0\u00bb box_shadow_style=\u00a0\u00bbpreset1&Prime; global_colors_info=\u00a0\u00bb{}\u00a0\u00bb][\/et_pb_image][\/et_pb_column][\/et_pb_row][et_pb_row column_structure=\u00a0\u00bb1_2,1_2&Prime; _builder_version=\u00a0\u00bb4.16&Prime; global_colors_info=\u00a0\u00bb{}\u00a0\u00bb][et_pb_column type=\u00a0\u00bb1_2&Prime; _builder_version=\u00a0\u00bb4.16&Prime; custom_padding=\u00a0\u00bb|||\u00a0\u00bb global_colors_info=\u00a0\u00bb{}\u00a0\u00bb custom_padding__hover=\u00a0\u00bb|||\u00a0\u00bb][et_pb_text _builder_version=\u00a0\u00bb4.16&Prime; min_height=\u00a0\u00bb109.5px\u00a0\u00bb inline_fonts=\u00a0\u00bbAntic\u00a0\u00bb global_colors_info=\u00a0\u00bb{}\u00a0\u00bb]<\/p>\n<blockquote>\n<h1><span style=\"color: #ff0000;\"><strong><span style=\"font-family: Antic;\">Multisports 3-5 ans<\/span> <br \/><\/strong><\/span><\/h1>\n<p><span style=\"color: #ff0000;\"><strong><\/strong><\/span><\/p>\n<\/blockquote>\n<h3>Le<strong> jeudi<\/strong> de 17h15 \u00e0 18h00<\/h3>\n<p>&nbsp;<\/p>\n<p>&nbsp;<\/p>\n<p>[\/et_pb_text][et_pb_text _builder_version=\u00a0\u00bb4.16&Prime; global_colors_info=\u00a0\u00bb{}\u00a0\u00bb]<\/p>\n<p><span style=\"text-decoration: underline;\">Activit\u00e9s<\/span> : Eveil sportif, jeux athl\u00e9tiques et gymniques, jeux d&rsquo;opposition, jeux de ballons, jeux de raquettes&#8230;<\/p>\n<p>[\/et_pb_text][\/et_pb_column][et_pb_column type=\u00a0\u00bb1_2&Prime; _builder_version=\u00a0\u00bb4.16&Prime; custom_padding=\u00a0\u00bb|||\u00a0\u00bb global_colors_info=\u00a0\u00bb{}\u00a0\u00bb custom_padding__hover=\u00a0\u00bb|||\u00a0\u00bb][et_pb_image src=\u00a0\u00bbhttps:\/\/www.alerte-etriche.fr\/wp-content\/uploads\/2019\/11\/78075117_578194222997453_7427003932397797376_n-scaled.jpg\u00a0\u00bb align_tablet=\u00a0\u00bbcenter\u00a0\u00bb align_phone=\u00a0\u00bb\u00a0\u00bb align_last_edited=\u00a0\u00bbon|desktop\u00a0\u00bb _builder_version=\u00a0\u00bb4.16&Prime; filter_saturate=\u00a0\u00bb111%\u00a0\u00bb filter_brightness=\u00a0\u00bb103%\u00a0\u00bb animation_style=\u00a0\u00bbfade\u00a0\u00bb box_shadow_style=\u00a0\u00bbpreset6&Prime; global_colors_info=\u00a0\u00bb{}\u00a0\u00bb][\/et_pb_image][\/et_pb_column][\/et_pb_row][et_pb_row column_structure=\u00a0\u00bb1_2,1_2&Prime; _builder_version=\u00a0\u00bb4.16&Prime; global_colors_info=\u00a0\u00bb{}\u00a0\u00bb][et_pb_column type=\u00a0\u00bb1_2&Prime; _builder_version=\u00a0\u00bb4.16&Prime; custom_padding=\u00a0\u00bb|||\u00a0\u00bb global_colors_info=\u00a0\u00bb{}\u00a0\u00bb custom_padding__hover=\u00a0\u00bb|||\u00a0\u00bb][et_pb_text _builder_version=\u00a0\u00bb4.22.1&Prime; _module_preset=\u00a0\u00bbdefault\u00a0\u00bb global_colors_info=\u00a0\u00bb{}\u00a0\u00bb]<\/p>\n<blockquote>\n<h1><span style=\"color: #ff0000;\"><strong><span style=\"font-family: Antic;\">Multisports 6-8 ans<\/span> <br \/><\/strong><\/span><\/h1>\n<p><span style=\"color: #ff0000;\"><strong><\/strong><\/span><\/p>\n<\/blockquote>\n<h3>Le<strong> jeudi<\/strong> de 18h15 \u00e0 19h15<\/h3>\n<p>[\/et_pb_text][\/et_pb_column][et_pb_column type=\u00a0\u00bb1_2&Prime; _builder_version=\u00a0\u00bb4.16&Prime; custom_padding=\u00a0\u00bb|||\u00a0\u00bb global_colors_info=\u00a0\u00bb{}\u00a0\u00bb custom_padding__hover=\u00a0\u00bb|||\u00a0\u00bb][et_pb_image src=\u00a0\u00bbhttps:\/\/www.alerte-etriche.fr\/wp-content\/uploads\/2019\/12\/75398365_491551454790036_5745312726054338560_n-scaled.jpg\u00a0\u00bb align_tablet=\u00a0\u00bbcenter\u00a0\u00bb align_phone=\u00a0\u00bb\u00a0\u00bb align_last_edited=\u00a0\u00bbon|desktop\u00a0\u00bb _builder_version=\u00a0\u00bb4.16&Prime; filter_saturate=\u00a0\u00bb120%\u00a0\u00bb filter_brightness=\u00a0\u00bb103%\u00a0\u00bb animation_style=\u00a0\u00bbfade\u00a0\u00bb box_shadow_style=\u00a0\u00bbpreset6&Prime; global_colors_info=\u00a0\u00bb{}\u00a0\u00bb][\/et_pb_image][\/et_pb_column][\/et_pb_row][et_pb_row column_structure=\u00a0\u00bb1_3,1_3,1_3&Prime; _builder_version=\u00a0\u00bb4.16&Prime; global_colors_info=\u00a0\u00bb{}\u00a0\u00bb][et_pb_column type=\u00a0\u00bb1_3&Prime; _builder_version=\u00a0\u00bb4.16&Prime; custom_padding=\u00a0\u00bb|||\u00a0\u00bb global_colors_info=\u00a0\u00bb{}\u00a0\u00bb custom_padding__hover=\u00a0\u00bb|||\u00a0\u00bb][\/et_pb_column][et_pb_column type=\u00a0\u00bb1_3&Prime; _builder_version=\u00a0\u00bb4.16&Prime; custom_padding=\u00a0\u00bb|||\u00a0\u00bb global_colors_info=\u00a0\u00bb{}\u00a0\u00bb custom_padding__hover=\u00a0\u00bb|||\u00a0\u00bb][et_pb_text _builder_version=\u00a0\u00bb4.27.4&Prime; hover_enabled=\u00a0\u00bb0&Prime; locked=\u00a0\u00bboff\u00a0\u00bb global_colors_info=\u00a0\u00bb{}\u00a0\u00bb sticky_enabled=\u00a0\u00bb0&Prime;]<\/p>\n<h2 style=\"background-attachment: scroll; background-clip: border-box; background-color: transparent; background-image: none; background-origin: padding-box; background-position-x: 0px; background-position-y: 0px; background-repeat: repeat; background-size: auto; border-image-outset: 0; border-image-repeat: stretch; border-image-slice: 100%; border-image-source: none; border-image-width: 1; box-sizing: border-box; color: #333333; font-family: &amp;quot; open sans&amp;quot;,arial,sans-serif; font-size: 23px; font-style: normal; font-variant: normal; font-weight: 500; letter-spacing: normal; line-height: 23px; -ms-text-size-adjust: auto; orphans: 2; outline-color: invert; outline-style: none; outline-width: 0px; text-align: center; text-decoration: none; text-indent: 0px; text-transform: none; vertical-align: baseline; -webkit-text-stroke-width: 0px; white-space: normal; word-spacing: 0px; padding: 0px 0px 10px 0px; margin: 0px; border: 0px none #333333;\"><span style=\"background-attachment: scroll; background-clip: border-box; background-color: transparent; background-image: none; background-origin: padding-box; background-position-x: 0px; background-position-y: 0px; background-repeat: repeat; background-size: auto; border-image-outset: 0; border-image-repeat: stretch; border-image-slice: 100%; border-image-source: none; border-image-width: 1; box-sizing: border-box; font-size: 23px; -ms-text-size-adjust: auto; outline-color: invert; outline-style: none; outline-width: 0px; text-decoration: underline; vertical-align: baseline; padding: 0px; margin: 0px; border: 0px none #333333;\"><strong style=\"background-attachment: scroll; background-clip: border-box; background-color: transparent; background-image: none; background-origin: padding-box; background-position-x: 0px; background-position-y: 0px; background-repeat: repeat; background-size: auto; border-image-outset: 0; border-image-repeat: stretch; border-image-slice: 100%; border-image-source: none; border-image-width: 1; box-sizing: border-box; font-size: 23px; font-weight: bold; -ms-text-size-adjust: auto; outline-color: invert; outline-style: none; outline-width: 0px; vertical-align: baseline; padding: 0px; margin: 0px; border: 0px none #333333;\"><\/strong><\/span><\/h2>\n<h2 style=\"background-attachment: scroll; background-clip: border-box; background-color: transparent; background-image: none; background-origin: padding-box; background-position-x: 0px; background-position-y: 0px; background-repeat: repeat; background-size: auto; border-image-outset: 0; border-image-repeat: stretch; border-image-slice: 100%; border-image-source: none; border-image-width: 1; box-sizing: border-box; color: #333333; font-family: &amp;quot; open sans&amp;quot;,arial,sans-serif; font-size: 23px; font-style: normal; font-variant: normal; font-weight: 500; letter-spacing: normal; line-height: 23px; -ms-text-size-adjust: auto; orphans: 2; outline-color: invert; outline-style: none; outline-width: 0px; text-align: center; text-decoration: none; text-indent: 0px; text-transform: none; vertical-align: baseline; -webkit-text-stroke-width: 0px; white-space: normal; word-spacing: 0px; padding: 0px 0px 10px 0px; margin: 0px; border: 0px none #333333;\"><span style=\"background-attachment: scroll; background-clip: border-box; background-color: transparent; background-image: none; background-origin: padding-box; background-position-x: 0px; background-position-y: 0px; background-repeat: repeat; background-size: auto; border-image-outset: 0; border-image-repeat: stretch; border-image-slice: 100%; border-image-source: none; border-image-width: 1; box-sizing: border-box; font-size: 23px; -ms-text-size-adjust: auto; outline-color: invert; outline-style: none; outline-width: 0px; text-decoration: underline; vertical-align: baseline; padding: 0px; margin: 0px; border: 0px none #333333;\"><strong style=\"background-attachment: scroll; background-clip: border-box; background-color: transparent; background-image: none; background-origin: padding-box; background-position-x: 0px; background-position-y: 0px; background-repeat: repeat; background-size: auto; border-image-outset: 0; border-image-repeat: stretch; border-image-slice: 100%; border-image-source: none; border-image-width: 1; box-sizing: border-box; font-size: 23px; font-weight: bold; -ms-text-size-adjust: auto; outline-color: invert; outline-style: none; outline-width: 0px; vertical-align: baseline; padding: 0px; margin: 0px; border: 0px none #333333;\"><\/strong><\/span><\/h2>\n<h2 style=\"background-attachment: scroll; background-clip: border-box; background-color: transparent; background-image: none; background-origin: padding-box; background-position-x: 0px; background-position-y: 0px; background-repeat: repeat; background-size: auto; border-image-outset: 0; border-image-repeat: stretch; border-image-slice: 100%; border-image-source: none; border-image-width: 1; box-sizing: border-box; color: #333333; font-family: &amp;quot; open sans&amp;quot;,arial,sans-serif; font-size: 23px; font-style: normal; font-variant: normal; font-weight: 500; letter-spacing: normal; line-height: 23px; -ms-text-size-adjust: auto; orphans: 2; outline-color: invert; outline-style: none; outline-width: 0px; text-align: center; text-decoration: none; text-indent: 0px; text-transform: none; vertical-align: baseline; -webkit-text-stroke-width: 0px; white-space: normal; word-spacing: 0px; padding: 0px 0px 10px 0px; margin: 0px; border: 0px none #333333;\"><span style=\"background-attachment: scroll; background-clip: border-box; background-color: transparent; background-image: none; background-origin: padding-box; background-position-x: 0px; background-position-y: 0px; background-repeat: repeat; background-size: auto; border-image-outset: 0; border-image-repeat: stretch; border-image-slice: 100%; border-image-source: none; border-image-width: 1; box-sizing: border-box; font-size: 23px; -ms-text-size-adjust: auto; outline-color: invert; outline-style: none; outline-width: 0px; text-decoration: underline; vertical-align: baseline; padding: 0px; margin: 0px; border: 0px none #333333;\"><strong style=\"background-attachment: scroll; background-clip: border-box; background-color: transparent; background-image: none; background-origin: padding-box; background-position-x: 0px; background-position-y: 0px; background-repeat: repeat; background-size: auto; border-image-outset: 0; border-image-repeat: stretch; border-image-slice: 100%; border-image-source: none; border-image-width: 1; box-sizing: border-box; font-size: 23px; font-weight: bold; -ms-text-size-adjust: auto; outline-color: invert; outline-style: none; outline-width: 0px; vertical-align: baseline; padding: 0px; margin: 0px; border: 0px none #333333;\"><\/strong><\/span><\/h2>\n<h2 style=\"background-attachment: scroll; background-clip: border-box; background-color: transparent; background-image: none; background-origin: padding-box; background-position-x: 0px; background-position-y: 0px; background-repeat: repeat; background-size: auto; border-image-outset: 0; border-image-repeat: stretch; border-image-slice: 100%; border-image-source: none; border-image-width: 1; box-sizing: border-box; color: #333333; font-family: &amp;quot; open sans&amp;quot;,arial,sans-serif; font-size: 23px; font-style: normal; font-variant: normal; font-weight: 500; letter-spacing: normal; line-height: 23px; -ms-text-size-adjust: auto; orphans: 2; outline-color: invert; outline-style: none; outline-width: 0px; text-align: center; text-decoration: none; text-indent: 0px; text-transform: none; vertical-align: baseline; -webkit-text-stroke-width: 0px; white-space: normal; word-spacing: 0px; padding: 0px 0px 10px 0px; margin: 0px; border: 0px none #333333;\"><span style=\"background-attachment: scroll; background-clip: border-box; background-color: transparent; background-image: none; background-origin: padding-box; background-position-x: 0px; background-position-y: 0px; background-repeat: repeat; background-size: auto; border-image-outset: 0; border-image-repeat: stretch; border-image-slice: 100%; border-image-source: none; border-image-width: 1; box-sizing: border-box; font-size: 23px; -ms-text-size-adjust: auto; outline-color: invert; outline-style: none; outline-width: 0px; text-decoration: underline; vertical-align: baseline; padding: 0px; margin: 0px; border: 0px none #333333;\"><strong style=\"background-attachment: scroll; background-clip: border-box; background-color: transparent; background-image: none; background-origin: padding-box; background-position-x: 0px; background-position-y: 0px; background-repeat: repeat; background-size: auto; border-image-outset: 0; border-image-repeat: stretch; border-image-slice: 100%; border-image-source: none; border-image-width: 1; box-sizing: border-box; font-size: 23px; font-weight: bold; -ms-text-size-adjust: auto; outline-color: invert; outline-style: none; outline-width: 0px; vertical-align: baseline; padding: 0px; margin: 0px; border: 0px none #333333;\">Contact :<\/strong><\/span><\/h2>\n<p style=\"background-attachment: scroll; background-clip: border-box; background-color: transparent; background-image: none; background-origin: padding-box; background-position-x: 0px; background-position-y: 0px; background-repeat: repeat; background-size: auto; border-image-outset: 0; border-image-repeat: stretch; border-image-slice: 100%; border-image-source: none; border-image-width: 1; box-sizing: border-box; color: #666666; font-family: &amp;quot; open sans&amp;quot;,arial,sans-serif; font-size: 14px; font-style: normal; font-variant: normal; font-weight: 500; letter-spacing: normal; -ms-text-size-adjust: auto; orphans: 2; outline-color: invert; outline-style: none; outline-width: 0px; text-align: left; text-decoration: none; text-indent: 0px; text-transform: none; vertical-align: baseline; -webkit-text-stroke-width: 0px; white-space: normal; word-spacing: 0px; padding: 0px 0px 14px 0px; margin: 0px; border: 0px none #666666;\"><span style=\"background-attachment: scroll; background-clip: border-box; background-color: transparent; background-image: none; background-origin: padding-box; background-position-x: 0px; background-position-y: 0px; background-repeat: repeat; background-size: auto; border-image-outset: 0; border-image-repeat: stretch; border-image-slice: 100%; border-image-source: none; border-image-width: 1; box-sizing: border-box; font-size: 14px; -ms-text-size-adjust: auto; outline-color: invert; outline-style: none; outline-width: 0px; text-decoration: underline; vertical-align: baseline; padding: 0px; margin: 0px; border: 0px none #666666;\"><strong style=\"background-attachment: scroll; background-clip: border-box; background-color: transparent; background-image: none; background-origin: padding-box; background-position-x: 0px; background-position-y: 0px; background-repeat: repeat; background-size: auto; border-image-outset: 0; border-image-repeat: stretch; border-image-slice: 100%; border-image-source: none; border-image-width: 1; box-sizing: border-box; font-size: 14px; font-weight: bold; -ms-text-size-adjust: auto; outline-color: invert; outline-style: none; outline-width: 0px; vertical-align: baseline; padding: 0px; margin: 0px; border: 0px none #666666;\"><\/strong><\/span><\/p>\n<h3 style=\"background-attachment: scroll; background-clip: border-box; background-color: transparent; background-image: none; background-origin: padding-box; background-position-x: 0px; background-position-y: 0px; background-repeat: repeat; background-size: auto; border-image-outset: 0; border-image-repeat: stretch; border-image-slice: 100%; border-image-source: none; border-image-width: 1; box-sizing: border-box; color: #333333; font-family: &amp;quot; open sans&amp;quot;,arial,sans-serif; font-size: 20px; font-style: normal; font-variant: normal; font-weight: 500; letter-spacing: normal; line-height: 20px; -ms-text-size-adjust: auto; orphans: 2; outline-color: invert; outline-style: none; outline-width: 0px; text-align: center; text-decoration: none; text-indent: 0px; text-transform: none; vertical-align: baseline; -webkit-text-stroke-width: 0px; white-space: normal; word-spacing: 0px; padding: 0px 0px 10px 0px; margin: 0px; border: 0px none #333333;\"><strong style=\"background-attachment: scroll; background-clip: border-box; background-color: transparent; background-image: none; background-origin: padding-box; background-position-x: 0px; background-position-y: 0px; background-repeat: repeat; background-size: auto; border-image-outset: 0; border-image-repeat: stretch; border-image-slice: 100%; border-image-source: none; border-image-width: 1; box-sizing: border-box; font-size: 20px; font-weight: bold; -ms-text-size-adjust: auto; outline-color: invert; outline-style: none; outline-width: 0px; vertical-align: baseline; padding: 0px; margin: 0px; border: 0px none #333333;\">Thay VANG<\/strong><\/h3>\n<p style=\"background-attachment: scroll; background-clip: border-box; background-color: transparent; background-image: none; background-origin: padding-box; background-position-x: 0px; background-position-y: 0px; background-repeat: repeat; background-size: auto; border-image-outset: 0; border-image-repeat: stretch; border-image-slice: 100%; border-image-source: none; border-image-width: 1; box-sizing: border-box; color: #666666; font-family: &amp;quot; open sans&amp;quot;,arial,sans-serif; font-size: 14px; font-style: normal; font-variant: normal; font-weight: 500; letter-spacing: normal; -ms-text-size-adjust: auto; orphans: 2; outline-color: invert; outline-style: none; outline-width: 0px; text-align: left; text-decoration: none; text-indent: 0px; text-transform: none; vertical-align: baseline; -webkit-text-stroke-width: 0px; white-space: normal; word-spacing: 0px; padding: 0px; margin: 0px; border: 0px none #666666;\"><strong style=\"background-attachment: scroll; background-clip: border-box; background-color: transparent; background-image: none; background-origin: padding-box; background-position-x: 0px; background-position-y: 0px; background-repeat: repeat; background-size: auto; border-image-outset: 0; border-image-repeat: stretch; border-image-slice: 100%; border-image-source: none; border-image-width: 1; box-sizing: border-box; font-size: 14px; font-weight: bold; -ms-text-size-adjust: auto; outline-color: invert; outline-style: none; outline-width: 0px; vertical-align: baseline; padding: 0px; margin: 0px; border: 0px none #666666;\"><\/strong><\/p>\n<h2 style=\"text-align: center;\">multisports@alerte-etriche.fr<\/h2>\n<h4 style=\"text-align: center;\">06 98 19 91 59<\/h4>\n<p>[\/et_pb_text][\/et_pb_column][et_pb_column type=\u00a0\u00bb1_3&Prime; _builder_version=\u00a0\u00bb4.16&Prime; custom_padding=\u00a0\u00bb|||\u00a0\u00bb global_colors_info=\u00a0\u00bb{}\u00a0\u00bb custom_padding__hover=\u00a0\u00bb|||\u00a0\u00bb][\/et_pb_column][\/et_pb_row][\/et_pb_section]<\/p>\n","protected":false},"excerpt":{"rendered":"<p>Multisports 3-5 ans Le jeudi de 17h15 \u00e0 18h00 &nbsp; &nbsp;Activit\u00e9s : Eveil sportif, jeux athl\u00e9tiques et gymniques, jeux d&rsquo;opposition, jeux de ballons, jeux de raquettes&#8230; Multisports 6-8 ans Le jeudi de 18h15 \u00e0 19h15 Contact : Thay VANG multisports@alerte-etriche.fr 06 98 19 91 59<\/p>\n","protected":false},"author":1,"featured_media":0,"parent":0,"menu_order":0,"comment_status":"closed","ping_status":"closed","template":"","meta":{"_et_pb_use_builder":"on","_et_pb_old_content":"","_et_gb_content_width":"","footnotes":""},"class_list":["post-560","page","type-page","status-publish","hentry"],"_links":{"self":[{"href":"https:\/\/www.alerte-etriche.fr\/index.php\/wp-json\/wp\/v2\/pages\/560","targetHints":{"allow":["GET"]}}],"collection":[{"href":"https:\/\/www.alerte-etriche.fr\/index.php\/wp-json\/wp\/v2\/pages"}],"about":[{"href":"https:\/\/www.alerte-etriche.fr\/index.php\/wp-json\/wp\/v2\/types\/page"}],"author":[{"embeddable":true,"href":"https:\/\/www.alerte-etriche.fr\/index.php\/wp-json\/wp\/v2\/users\/1"}],"replies":[{"embeddable":true,"href":"https:\/\/www.alerte-etriche.fr\/index.php\/wp-json\/wp\/v2\/comments?post=560"}],"version-history":[{"count":6,"href":"https:\/\/www.alerte-etriche.fr\/index.php\/wp-json\/wp\/v2\/pages\/560\/revisions"}],"predecessor-version":[{"id":2511,"href":"https:\/\/www.alerte-etriche.fr\/index.php\/wp-json\/wp\/v2\/pages\/560\/revisions\/2511"}],"wp:attachment":[{"href":"https:\/\/www.alerte-etriche.fr\/index.php\/wp-json\/wp\/v2\/media?parent=560"}],"curies":[{"name":"wp","href":"https:\/\/api.w.org\/{rel}","templated":true}]}}